{"id":22163,"date":"2015-10-06T20:41:57","date_gmt":"2015-10-06T18:41:57","guid":{"rendered":"http:\/\/www.autorita-trasporti.it\/concorso-pubblico-per-qualifica-di-operativo\/"},"modified":"2018-06-15T11:21:51","modified_gmt":"2018-06-15T09:21:51","slug":"concorso-pubblico-per-qualifica-di-operativo","status":"publish","type":"page","link":"https:\/\/www.autorita-trasporti.it\/en\/bandi-di-concorso\/concorso-pubblico-per-qualifica-di-operativo\/","title":{"rendered":"Concorsi pubblici per qualifica di operativo"},"content":{"rendered":"<p style=\"text-align: justify;\"><a href=\"http:\/\/www.autorita-trasporti.it\/wp-content\/uploads\/2014\/01\/Delibera-n.-74-2015-Approvazione-Bandi-15-9-15_signed.pdf\"><strong>Delibera n. 74 2015<\/strong> &#8211; Procedure per il reclutamento mediante concorso pubblico per titoli ed esami di personale di ruolo dell&#8217;Autorit\u00e0 da assumere con contratto a tempo indeterminato nelle qualifiche di dirigente (n. 4 unit\u00e0), funzionario (n. 29 unit\u00e0) e operativo (n. 3 unit\u00e0).<\/a><\/p>\n<p><a href=\"http:\/\/www.autorita-trasporti.it\/wp-content\/uploads\/2014\/01\/BANDO-OPERATIVI-COMPLETO_signed.pdf\"><strong>Bando di concorso pubblico<\/strong>, per titoli ed esami per il reclutamento di personale di ruolo dell&#8217;Autorit\u00e0 da assumere con contratto a tempo indeterminato nella <strong>qualifica di operativo &#8211; Livello di Assistente Cod. A3<\/strong><\/a><\/p>\n<p><a href=\"http:\/\/www.autorita-trasporti.it\/wp-content\/uploads\/2015\/10\/DOMANDA-OPERATIVI1.docx\"><strong>Modello di domanda di partecipazione<\/strong> al concorso<\/a> (<em>compilabile<\/em>)<\/p>\n","protected":false},"excerpt":{"rendered":"<p>Delibera n. 74 2015 &#8211; Procedure per il reclutamento mediante concorso pubblico per titoli ed esami di personale di ruolo dell&#8217;Autorit\u00e0 da assumere con contratto a tempo indeterminato nelle qualifiche di dirigente (n. 4 unit\u00e0), funzionario (n. 29 unit\u00e0) e operativo (n. 3 unit\u00e0). Bando di concorso pubblico, per titoli ed esami per il reclutamento [&hellip;]<\/p>\n","protected":false},"author":1,"featured_media":0,"parent":22249,"menu_order":0,"comment_status":"closed","ping_status":"closed","template":"page-tpl\/page-lavora-in-art.php","meta":{"_acf_changed":false,"footnotes":""},"taxonomy_tag_cloud":[],"acf":[],"_links":{"self":[{"href":"https:\/\/www.autorita-trasporti.it\/en\/wp-json\/wp\/v2\/pages\/22163"}],"collection":[{"href":"https:\/\/www.autorita-trasporti.it\/en\/wp-json\/wp\/v2\/pages"}],"about":[{"href":"https:\/\/www.autorita-trasporti.it\/en\/wp-json\/wp\/v2\/types\/page"}],"author":[{"embeddable":true,"href":"https:\/\/www.autorita-trasporti.it\/en\/wp-json\/wp\/v2\/users\/1"}],"replies":[{"embeddable":true,"href":"https:\/\/www.autorita-trasporti.it\/en\/wp-json\/wp\/v2\/comments?post=22163"}],"version-history":[{"count":1,"href":"https:\/\/www.autorita-trasporti.it\/en\/wp-json\/wp\/v2\/pages\/22163\/revisions"}],"predecessor-version":[{"id":27097,"href":"https:\/\/www.autorita-trasporti.it\/en\/wp-json\/wp\/v2\/pages\/22163\/revisions\/27097"}],"up":[{"embeddable":true,"href":"https:\/\/www.autorita-trasporti.it\/en\/wp-json\/wp\/v2\/pages\/22249"}],"wp:attachment":[{"href":"https:\/\/www.autorita-trasporti.it\/en\/wp-json\/wp\/v2\/media?parent=22163"}],"wp:term":[{"taxonomy":"taxonomy_tag_cloud","embeddable":true,"href":"https:\/\/www.autorita-trasporti.it\/en\/wp-json\/wp\/v2\/taxonomy_tag_cloud?post=22163"}],"curies":[{"name":"wp","href":"https:\/\/api.w.org\/{rel}","templated":true}]}}